{"id":5894,"date":"2022-11-22T19:32:20","date_gmt":"2022-11-22T18:32:20","guid":{"rendered":"https:\/\/www.foodchempack.com\/oferta-cientifica-y-tecnologica\/"},"modified":"2023-06-01T19:52:09","modified_gmt":"2023-06-01T17:52:09","slug":"oferta-cientifica-e-tecnoloxica","status":"publish","type":"page","link":"https:\/\/www.foodchempack.com\/gl\/servizos\/oferta-cientifica-e-tecnoloxica\/","title":{"rendered":"Oferta Cient\u00edfica e Tecnol\u00f3xica"},"content":{"rendered":"<div  class='avia-slideshow av-lavj7fx2-424a6a9e39f7dc4e03c8defc2e681095 avia-slideshow-featured_large av_slideshow avia-slide-slider  avia-builder-el-0  el_before_av_textblock  avia-builder-el-first  av-slideshow-ui av-control-minimal av-slideshow-manual av-loop-once av-loop-manual-endless av-default-height-applied avia-slideshow-1' data-slideshow-options=\"{&quot;animation&quot;:&quot;slide&quot;,&quot;autoplay&quot;:false,&quot;loop_autoplay&quot;:&quot;once&quot;,&quot;interval&quot;:5,&quot;loop_manual&quot;:&quot;manual-endless&quot;,&quot;autoplay_stopper&quot;:false,&quot;noNavigation&quot;:false,&quot;bg_slider&quot;:false,&quot;keep_padding&quot;:false,&quot;hoverpause&quot;:false,&quot;show_slide_delay&quot;:0}\"  itemprop=\"image\" itemscope=\"itemscope\" itemtype=\"https:\/\/schema.org\/ImageObject\" ><ul class='avia-slideshow-inner ' style='padding-bottom: 48.837209302326%;'><li  class='avia-slideshow-slide av-lavj7fx2-424a6a9e39f7dc4e03c8defc2e681095__0  slide-1 slide-odd'><div data-rel='slideshow-1' class='avia-slide-wrap '   ><img decoding=async  class=\"wp-image-5714 avia-img-lazy-loading-not-5714\"  src='https:\/\/mlmdzsfny8te.i.optimole.com\/w:1290\/h:630\/q:mauto\/ig:avif\/https:\/\/www.foodchempack.com\/wp-content\/uploads\/2022\/12\/Servicios-USC-FoodChemPack-Santiago-1.jpg' width='1290' height='630' title='Servicios USC FoodChemPack Santiago 1' alt=''  itemprop=\"thumbnailUrl\"   \/><\/div><\/li><li  class='avia-slideshow-slide av-lavj7fx2-424a6a9e39f7dc4e03c8defc2e681095__1  slide-2 slide-even'><div data-rel='slideshow-1' class='avia-slide-wrap '   ><img decoding=async  class=\"wp-image-5716 avia-img-lazy-loading-not-5716\"  src='https:\/\/mlmdzsfny8te.i.optimole.com\/w:1290\/h:630\/q:mauto\/ig:avif\/https:\/\/www.foodchempack.com\/wp-content\/uploads\/2022\/12\/Servicios-USC-FoodChemPack-Santiago-2.jpg' width='1290' height='630' title='Servicios USC FoodChemPack Santiago 2' alt=''  itemprop=\"thumbnailUrl\"   \/><\/div><\/li><li  class='avia-slideshow-slide av-lavj7fx2-424a6a9e39f7dc4e03c8defc2e681095__2  slide-3 slide-odd'><div data-rel='slideshow-1' class='avia-slide-wrap '   ><img decoding=async  data-opt-src=\"https:\/\/mlmdzsfny8te.i.optimole.com\/w:1290\/h:630\/q:mauto\/ig:avif\/https:\/\/www.foodchempack.com\/wp-content\/uploads\/2022\/12\/Servicios-USC-FoodChemPack-Santiago-3.jpg\"  class=\"wp-image-5718 avia-img-lazy-loading-not-5718\"  src='data:image/svg+xml,%3Csvg%20viewBox%3D%220%200%201290%20630%22%20width%3D%221290%22%20height%3D%22630%22%20xmlns%3D%22http%3A%2F%2Fwww.w3.org%2F2000%2Fsvg%22%3E%3Crect%20width%3D%221290%22%20height%3D%22630%22%20fill%3D%22transparent%22%2F%3E%3C%2Fsvg%3E' width='1290' height='630' title='Servicios USC FoodChemPack Santiago 3' alt=''  itemprop=\"thumbnailUrl\"   \/><\/div><\/li><li  class='avia-slideshow-slide av-lavj7fx2-424a6a9e39f7dc4e03c8defc2e681095__3  slide-4 slide-even'><div data-rel='slideshow-1' class='avia-slide-wrap '   ><img decoding=async  data-opt-src=\"https:\/\/mlmdzsfny8te.i.optimole.com\/w:1290\/h:630\/q:mauto\/ig:avif\/https:\/\/www.foodchempack.com\/wp-content\/uploads\/2022\/12\/Servicios-USC-FoodChemPack-Santiago-4.jpg\"  class=\"wp-image-5720 avia-img-lazy-loading-not-5720\"  src='data:image/svg+xml,%3Csvg%20viewBox%3D%220%200%201290%20630%22%20width%3D%221290%22%20height%3D%22630%22%20xmlns%3D%22http%3A%2F%2Fwww.w3.org%2F2000%2Fsvg%22%3E%3Crect%20width%3D%221290%22%20height%3D%22630%22%20fill%3D%22transparent%22%2F%3E%3C%2Fsvg%3E' width='1290' height='630' title='Servicios USC FoodChemPack Santiago 4' alt=''  itemprop=\"thumbnailUrl\"   \/><\/div><\/li><li  class='avia-slideshow-slide av-lavj7fx2-424a6a9e39f7dc4e03c8defc2e681095__4  slide-5 slide-odd'><div data-rel='slideshow-1' class='avia-slide-wrap '   ><img decoding=async  data-opt-src=\"https:\/\/mlmdzsfny8te.i.optimole.com\/w:1290\/h:630\/q:mauto\/ig:avif\/https:\/\/www.foodchempack.com\/wp-content\/uploads\/2022\/12\/Servicios-USC-FoodChemPack-Santiago-5.jpg\"  class=\"wp-image-5722 avia-img-lazy-loading-not-5722\"  src='data:image/svg+xml,%3Csvg%20viewBox%3D%220%200%201290%20630%22%20width%3D%221290%22%20height%3D%22630%22%20xmlns%3D%22http%3A%2F%2Fwww.w3.org%2F2000%2Fsvg%22%3E%3Crect%20width%3D%221290%22%20height%3D%22630%22%20fill%3D%22transparent%22%2F%3E%3C%2Fsvg%3E' width='1290' height='630' title='Servicios USC FoodChemPack Santiago 5' alt=''  itemprop=\"thumbnailUrl\"   \/><\/div><\/li><\/ul><div class='avia-slideshow-arrows avia-slideshow-controls' ><a href='#prev' class='prev-slide ' aria-hidden='true' data-av_icon='\ue87c' data-av_iconfont='entypo-fontello'  tabindex='-1'>Previous<\/a><a href='#next' class='next-slide ' aria-hidden='true' data-av_icon='\ue87d' data-av_iconfont='entypo-fontello'  tabindex='-1'>Next<\/a><\/div><div class='avia-slideshow-dots avia-slideshow-controls'><a href='#1' class='goto-slide active' >1<\/a><a href='#2' class='goto-slide ' >2<\/a><a href='#3' class='goto-slide ' >3<\/a><a href='#4' class='goto-slide ' >4<\/a><a href='#5' class='goto-slide ' >5<\/a><\/div><\/div>\n<section  class='av_textblock_section av-2zb1kj-8f6a3fc7da942b4a5b6cc1ebb8749023'  itemscope=\"itemscope\" itemtype=\"https:\/\/schema.org\/CreativeWork\" ><div class='avia_textblock'  itemprop=\"text\" ><h1>Oferta Cient\u00edfica e Tecnol\u00f3xica<\/h1>\n<h2>Ensaios de migraci\u00f3n<\/h2>\n<ul>\n<li>Migraci\u00f3n global<\/li>\n<li>Migraci\u00f3n espec\u00edfica\n<ul>\n<li>Determinaci\u00f3n de aminas arom\u00e1ticas primarias (PAAs), alif\u00e1cticas.<\/li>\n<li>Determinaci\u00f3n de BADGE, BFDGE, NOGE, bisfenol A.<\/li>\n<li>Determinaci\u00f3n de melamina y formadeh\u00eddo<\/li>\n<li>Determinaci\u00f3n de ftalatos<\/li>\n<li>Determinaci\u00f3n de natamicina<\/li>\n<li>Determinaci\u00f3n de fotoiniciadores<\/li>\n<\/ul>\n<\/li>\n<li>Determinaci\u00f3n de compuestos vol\u00e1tiles<\/li>\n<li>Determinaci\u00f3n doutras sustancias qu\u00edmicas (IAS y\/o NIAS) previa consulta<\/li>\n<\/ul>\n<h2>Composici\u00f3n de alimentos<\/h2>\n<ul>\n<li>Determinaci\u00f3n de macronutrientes.<\/li>\n<li>Caracterizaci\u00f3n de graxas: perfil de \u00e1cidos graxos.<\/li>\n<li>Prote\u00ednas: determinaci\u00f3n de amino\u00e1cidos.<\/li>\n<li>Determinaci\u00f3n de vitaminas.<\/li>\n<li>Detrminaci\u00f3n de polifenoles y carotenoides (perfil de compuestos bioactivos).<\/li>\n<li>Determinaci\u00f3n del perfil de compostos vol\u00e1tiles.<\/li>\n<li>Determinaci\u00f3n de polifenoles totais.<\/li>\n<li>Determinaci\u00f3n de capacidade antioxidante.<\/li>\n<\/ul>\n<h2>Determinaci\u00f3n de par\u00e1metros de calidade alimentaria:<\/h2>\n<ul>\n<li>Histamina.<\/li>\n<li>Hexanal.<\/li>\n<li>Etil-furano<\/li>\n<li>etc\u2026<\/li>\n<\/ul>\n<h2>Desenvolvo de metodolox\u00edas anal\u00edticas ad hoc.<\/h2>\n<h2>Consultor\u00eda sobre o cumprimento da lexislaci\u00f3n de materiais de contacto alimentario.<\/h2>\n<\/div><\/section>\n","protected":false},"excerpt":{"rendered":"","protected":false},"author":1,"featured_media":0,"parent":6124,"menu_order":0,"comment_status":"closed","ping_status":"closed","template":"","meta":{"_eb_attr":""},"_links":{"self":[{"href":"https:\/\/www.foodchempack.com\/gl\/wp-json\/wp\/v2\/pages\/5894"}],"collection":[{"href":"https:\/\/www.foodchempack.com\/gl\/wp-json\/wp\/v2\/pages"}],"about":[{"href":"https:\/\/www.foodchempack.com\/gl\/wp-json\/wp\/v2\/types\/page"}],"author":[{"embeddable":true,"href":"https:\/\/www.foodchempack.com\/gl\/wp-json\/wp\/v2\/users\/1"}],"replies":[{"embeddable":true,"href":"https:\/\/www.foodchempack.com\/gl\/wp-json\/wp\/v2\/comments?post=5894"}],"version-history":[{"count":0,"href":"https:\/\/www.foodchempack.com\/gl\/wp-json\/wp\/v2\/pages\/5894\/revisions"}],"up":[{"embeddable":true,"href":"https:\/\/www.foodchempack.com\/gl\/wp-json\/wp\/v2\/pages\/6124"}],"wp:attachment":[{"href":"https:\/\/www.foodchempack.com\/gl\/wp-json\/wp\/v2\/media?parent=5894"}],"curies":[{"name":"wp","href":"https:\/\/api.w.org\/{rel}","templated":true}]}}