{"id":5866,"date":"2022-11-22T19:35:17","date_gmt":"2022-11-22T18:35:17","guid":{"rendered":"https:\/\/www.foodchempack.com\/equipamiento-disponible\/"},"modified":"2026-02-23T20:47:50","modified_gmt":"2026-02-23T19:47:50","slug":"equipamiento-disponible","status":"publish","type":"page","link":"https:\/\/www.foodchempack.com\/gl\/servizos\/equipamiento-disponible\/","title":{"rendered":"Equipamiento Disponible"},"content":{"rendered":"<div  class='avia-slideshow av-lavftofq-12418d12a3222b5a53a1bbf68c85e376 avia-slideshow-featured_large av_slideshow avia-slide-slider  avia-builder-el-0  el_before_av_textblock  avia-builder-el-first  av-slideshow-ui av-control-minimal av-slideshow-autoplay av-loop-endless av-loop-manual-endless av-default-height-applied avia-slideshow-1' data-slideshow-options=\"{&quot;animation&quot;:&quot;slide&quot;,&quot;autoplay&quot;:true,&quot;loop_autoplay&quot;:&quot;endless&quot;,&quot;interval&quot;:5,&quot;loop_manual&quot;:&quot;manual-endless&quot;,&quot;autoplay_stopper&quot;:false,&quot;noNavigation&quot;:false,&quot;bg_slider&quot;:false,&quot;keep_padding&quot;:false,&quot;hoverpause&quot;:false,&quot;show_slide_delay&quot;:0}\"  itemprop=\"image\" itemscope=\"itemscope\" itemtype=\"https:\/\/schema.org\/ImageObject\" ><ul class='avia-slideshow-inner ' style='padding-bottom: 48.837209302326%;'><li  class='avia-slideshow-slide av-lavftofq-12418d12a3222b5a53a1bbf68c85e376__0  slide-1 slide-odd'><div data-rel='slideshow-1' class='avia-slide-wrap '   ><img decoding=async  class=\"wp-image-5704 avia-img-lazy-loading-not-5704\"  src='https:\/\/mlmdzsfny8te.i.optimole.com\/w:1290\/h:630\/q:mauto\/ig:avif\/https:\/\/www.foodchempack.com\/wp-content\/uploads\/2022\/12\/Equipamiento-FoodChemPack-USC-1.jpg' width='1290' height='630' title='Equipamiento FoodChemPack USC 1' alt=''  itemprop=\"thumbnailUrl\"   \/><\/div><\/li><li  class='avia-slideshow-slide av-lavftofq-12418d12a3222b5a53a1bbf68c85e376__1  slide-2 slide-even'><div data-rel='slideshow-1' class='avia-slide-wrap '   ><img decoding=async  class=\"wp-image-5706 avia-img-lazy-loading-not-5706\"  src='https:\/\/mlmdzsfny8te.i.optimole.com\/w:1290\/h:630\/q:mauto\/ig:avif\/https:\/\/www.foodchempack.com\/wp-content\/uploads\/2022\/12\/Equipamiento-FoodChemPack-USC-2.jpg' width='1290' height='630' title='Equipamiento FoodChemPack USC 2' alt=''  itemprop=\"thumbnailUrl\"   \/><\/div><\/li><li  class='avia-slideshow-slide av-lavftofq-12418d12a3222b5a53a1bbf68c85e376__2  slide-3 slide-odd'><div data-rel='slideshow-1' class='avia-slide-wrap '   ><img decoding=async  data-opt-src=\"https:\/\/mlmdzsfny8te.i.optimole.com\/w:1290\/h:630\/q:mauto\/ig:avif\/https:\/\/www.foodchempack.com\/wp-content\/uploads\/2022\/12\/Equipamiento-FoodChemPack-USC-3.jpg\"  class=\"wp-image-5708 avia-img-lazy-loading-not-5708\"  src='data:image/svg+xml,%3Csvg%20viewBox%3D%220%200%201290%20630%22%20width%3D%221290%22%20height%3D%22630%22%20xmlns%3D%22http%3A%2F%2Fwww.w3.org%2F2000%2Fsvg%22%3E%3Crect%20width%3D%221290%22%20height%3D%22630%22%20fill%3D%22transparent%22%2F%3E%3C%2Fsvg%3E' width='1290' height='630' title='Equipamiento FoodChemPack USC 3' alt=''  itemprop=\"thumbnailUrl\"   \/><\/div><\/li><li  class='avia-slideshow-slide av-lavftofq-12418d12a3222b5a53a1bbf68c85e376__3  slide-4 slide-even'><div data-rel='slideshow-1' class='avia-slide-wrap '   ><img decoding=async  data-opt-src=\"https:\/\/mlmdzsfny8te.i.optimole.com\/w:1290\/h:630\/q:mauto\/ig:avif\/https:\/\/www.foodchempack.com\/wp-content\/uploads\/2022\/12\/Equipamiento-FoodChemPack-USC-4.jpg\"  class=\"wp-image-5710 avia-img-lazy-loading-not-5710\"  src='data:image/svg+xml,%3Csvg%20viewBox%3D%220%200%201290%20630%22%20width%3D%221290%22%20height%3D%22630%22%20xmlns%3D%22http%3A%2F%2Fwww.w3.org%2F2000%2Fsvg%22%3E%3Crect%20width%3D%221290%22%20height%3D%22630%22%20fill%3D%22transparent%22%2F%3E%3C%2Fsvg%3E' width='1290' height='630' title='Equipamiento FoodChemPack USC 4' alt=''  itemprop=\"thumbnailUrl\"   \/><\/div><\/li><li  class='avia-slideshow-slide av-lavftofq-12418d12a3222b5a53a1bbf68c85e376__4  slide-5 slide-odd'><div data-rel='slideshow-1' class='avia-slide-wrap '   ><img decoding=async  data-opt-src=\"https:\/\/mlmdzsfny8te.i.optimole.com\/w:1290\/h:630\/q:mauto\/ig:avif\/https:\/\/www.foodchempack.com\/wp-content\/uploads\/2022\/12\/Equipamiento-FoodChemPack-USC-5.jpg\"  class=\"wp-image-5712 avia-img-lazy-loading-not-5712\"  src='data:image/svg+xml,%3Csvg%20viewBox%3D%220%200%201290%20630%22%20width%3D%221290%22%20height%3D%22630%22%20xmlns%3D%22http%3A%2F%2Fwww.w3.org%2F2000%2Fsvg%22%3E%3Crect%20width%3D%221290%22%20height%3D%22630%22%20fill%3D%22transparent%22%2F%3E%3C%2Fsvg%3E' width='1290' height='630' title='Equipamiento FoodChemPack USC 5' alt=''  itemprop=\"thumbnailUrl\"   \/><\/div><\/li><\/ul><div class='avia-slideshow-arrows avia-slideshow-controls' ><a href='#prev' class='prev-slide ' aria-hidden='true' data-av_icon='\ue87c' data-av_iconfont='entypo-fontello'  tabindex='-1'>Previous<\/a><a href='#next' class='next-slide ' aria-hidden='true' data-av_icon='\ue87d' data-av_iconfont='entypo-fontello'  tabindex='-1'>Next<\/a><\/div><div class='avia-slideshow-dots avia-slideshow-controls'><a href='#1' class='goto-slide active' >1<\/a><a href='#2' class='goto-slide ' >2<\/a><a href='#3' class='goto-slide ' >3<\/a><a href='#4' class='goto-slide ' >4<\/a><a href='#5' class='goto-slide ' >5<\/a><\/div><\/div>\n<section  class='av_textblock_section av-1v5ctk-9338bca1330e621c03ee959f6ae358c3'  itemscope=\"itemscope\" itemtype=\"https:\/\/schema.org\/CreativeWork\" ><div class='avia_textblock'  itemprop=\"text\" ><h1>Equipamiento Disponible<\/h1>\n<ul>\n<li>Sistema de secado por nanopulverizaci\u00f3n<\/li>\n<li>Cromat\u00f3grafos de l\u00edquidos con distintos detectores (DAD, FLD, IR).<\/li>\n<li>Cromat\u00f3grafo de l\u00edquidos de alta presi\u00f3n acoplado a espectr\u00f3metro de masas.<\/li>\n<li>Cromat\u00f3grafos de gases con distintos detectores (FID, ECD).<\/li>\n<li>Cromat\u00f3grafos de gases a espectr\u00f3metro de masas y con librer\u00edas de espectros.<\/li>\n<li>Cromatografos de gases acoplados a sistemas de purga y trampa (P&amp;T).<\/li>\n<li>Espectrofot\u00f3metros de IR con ATR y librer\u00edas de espectros.<\/li>\n<li>Espectrofot\u00f3metros UV-Visible<\/li>\n<li>Espectr\u00f3metro de luminiscencia<\/li>\n<li>Fot\u00f3metro de microplacas<\/li>\n<li>Microscopio<\/li>\n<li>Estufas, refrigeradores y autoclave<\/li>\n<li>Liofilizador<\/li>\n<li>Equipos de evaporaci\u00f3n rotatoria a vac\u00edo<\/li>\n<li>Envasadora a vac\u00edo y en atmosfera controlada<\/li>\n<li>Centr\u00edfugas<\/li>\n<li>Campana de flujo laminar y homogenizador<\/li>\n<li>Extracci\u00f3n L\u00edquida presurizada (PLE)<\/li>\n<li>Sistema de evaporaci\u00f3n en paralelo<\/li>\n<\/ul>\n<\/div><\/section>\n","protected":false},"excerpt":{"rendered":"","protected":false},"author":1,"featured_media":0,"parent":6124,"menu_order":0,"comment_status":"closed","ping_status":"closed","template":"","meta":{"_eb_attr":""},"_links":{"self":[{"href":"https:\/\/www.foodchempack.com\/gl\/wp-json\/wp\/v2\/pages\/5866"}],"collection":[{"href":"https:\/\/www.foodchempack.com\/gl\/wp-json\/wp\/v2\/pages"}],"about":[{"href":"https:\/\/www.foodchempack.com\/gl\/wp-json\/wp\/v2\/types\/page"}],"author":[{"embeddable":true,"href":"https:\/\/www.foodchempack.com\/gl\/wp-json\/wp\/v2\/users\/1"}],"replies":[{"embeddable":true,"href":"https:\/\/www.foodchempack.com\/gl\/wp-json\/wp\/v2\/comments?post=5866"}],"version-history":[{"count":2,"href":"https:\/\/www.foodchempack.com\/gl\/wp-json\/wp\/v2\/pages\/5866\/revisions"}],"predecessor-version":[{"id":8309,"href":"https:\/\/www.foodchempack.com\/gl\/wp-json\/wp\/v2\/pages\/5866\/revisions\/8309"}],"up":[{"embeddable":true,"href":"https:\/\/www.foodchempack.com\/gl\/wp-json\/wp\/v2\/pages\/6124"}],"wp:attachment":[{"href":"https:\/\/www.foodchempack.com\/gl\/wp-json\/wp\/v2\/media?parent=5866"}],"curies":[{"name":"wp","href":"https:\/\/api.w.org\/{rel}","templated":true}]}}