{"id":7539,"date":"2024-03-21T19:58:13","date_gmt":"2024-03-21T18:58:13","guid":{"rendered":"https:\/\/www.foodchempack.com\/publications\/raquel-sendon\/"},"modified":"2024-03-21T19:58:13","modified_gmt":"2024-03-21T18:58:13","slug":"raquel-sendon","status":"publish","type":"page","link":"https:\/\/www.foodchempack.com\/en\/publications\/raquel-sendon\/","title":{"rendered":"Raquel Send\u00f3n"},"content":{"rendered":"<h2>Archive of publications of Raquel Send\u00f3n Garc\u00eda<\/h2>\r\n\r\n\r\n\r\n\r\n\r\n\r\n\r\n\r\n\r\n\r\n<h4 class=\"titulopublicacion\">Articles<\/h4>\r\n<ul class=\"listapublicaciones\">\r\n\t<li><a href=\"https:\/\/www.foodchempack.com\/?post_type=articulo&#038;p=7401\">In vitro bioaccessibility of cyclodi-BADGE present in canned seafood: A new approach for the estimation of dietary exposure of the Spanish population<\/a><\/li><li><a href=\"https:\/\/www.foodchempack.com\/?post_type=articulo&#038;p=7399\">Recovering functional and bioactive compounds from date palm by-products and their application as multi-functional ingredients in food<\/a><\/li><li><a href=\"https:\/\/www.foodchempack.com\/?post_type=articulo&#038;p=7400\">Identification and quantification of per- and polyfluorinated alkyl substances (PFAS) migrating from food contact materials (FCM)<\/a><\/li><li><a href=\"https:\/\/www.foodchempack.com\/?post_type=articulos&#038;p=6575\">Investigation of migrants from can coatings: Occurrence in canned foodstuffs and exposure assessment<\/a><\/li><li><a href=\"https:\/\/www.foodchempack.com\/?post_type=articulos&#038;p=6533\">LDPE and PLA Active Food Packaging Incorporated with Lemon by-Products Extract: Preparation, Characterization and Effectiveness to Delay Lipid Oxidation in Almonds and Beef Meat<\/a><\/li><li><a href=\"https:\/\/www.foodchempack.com\/?post_type=articulos&#038;p=6532\">Migration of Dihydroxy Alkylamines and Their Possible Impurities from Packaging into Foods and Food Simulants: Analysis and Safety Evaluation<\/a><\/li><li><a href=\"https:\/\/www.foodchempack.com\/?post_type=articulos&#038;p=6531\">Quantification of Cyclo-di-BADGE and Identification of Several BADGE Derivatives in Canned Food Samples<\/a><\/li><li><a href=\"https:\/\/www.foodchempack.com\/articulos\/development-of-a-quechers-method-for-simultaneous-analysis-of-3-monochloropropane-12-diol-monoesters-and-glycidyl-esters-in-edible-oils-and-margarine-by-lc-apci-ms-ms\/\">Development of a QuEChERS method for simultaneous analysis of 3-Monochloropropane-1,2-diol monoesters and Glycidyl esters in edible oils and margarine by LC-APCI-MS\/MS<\/a><\/li><li><a href=\"https:\/\/www.foodchempack.com\/?post_type=articulos&#038;p=5423\">Identification of potential migrants from epoxy and organosol coatings used in metal food cans<\/a><\/li><li><a href=\"https:\/\/www.foodchempack.com\/?post_type=articulos&#038;p=5421\">Towards the Sustainable Exploitation of Salt-Tolerant Plants: Nutritional Characterisation, Phenolics Composition, and Potential Contaminants Analysis of Salicornia ramosissima and Sarcocornia perennis alpini<\/a><\/li><li><a href=\"https:\/\/www.foodchempack.com\/articulos\/by-products-of-dates-cherries-plums-and-artichokes-a-source-of-valuable-bioactive-compounds\/\">By-products of dates, cherries, plums and artichokes: A source of valuable bioactive compounds<\/a><\/li><li><a href=\"https:\/\/www.foodchempack.com\/?post_type=articulos&#038;p=5419\">Tentative identification of BADGE derivatives in epoxy type coatings in a model sample: a beverage can<\/a><\/li><li><a href=\"https:\/\/www.foodchempack.com\/articulos\/development-of-active-films-utilizing-antioxidant-compounds-obtained-from-tomato-and-lemon-by-products-for-use-in-food-packaging\/\">Development of active films utilizing antioxidant compounds obtained from tomato and lemon by-products for use in food packaging<\/a><\/li><li><a href=\"https:\/\/www.foodchempack.com\/articulos\/determination-of-bfrs-in-food-contact-articles-an-analytical-approach-using-dart-hrms-xfr-and-hplc-ms-ms\/\">Determination of BFRs in food contact articles: An analytical approach using DART-HRMS, XFR and HPLC-MS\/MS<\/a><\/li><li><a href=\"https:\/\/www.foodchempack.com\/articulos\/food-and-beverage-can-coatings-a-review-on-chemical-analysis-migration-and-risk-assessment\/\">Food and beverage can coatings: A review on chemical analysis, migration, and risk assessment<\/a><\/li><li><a href=\"https:\/\/www.foodchempack.com\/articulos\/characterization-of-polyester-coatings-intended-for-food-contact-by-different-analytical-techniques-and-migration-testing-by-lc-msn\/\">Characterization of Polyester Coatings Intended for Food Contact by Different Analytical Techniques and Migration Testing by LC-MSn<\/a><\/li><li><a href=\"https:\/\/www.foodchempack.com\/?post_type=articulos&#038;p=4728\">Study on the chemical behaviour of Bisphenol S during the in vitro gastrointestinal digestion and its bioaccessibility<\/a><\/li><li><a href=\"https:\/\/www.foodchempack.com\/?post_type=articulos&#038;p=4716\">Identification of volatile and semi-volatile compounds in polymeric coatings used in metal cans by gc-ms and spme<\/a><\/li><li><a href=\"https:\/\/www.foodchempack.com\/?post_type=articulos&#038;p=4712\">Presence of perfluoroalkyl and polyfluoroalkyl substances (Pfas) in food contact materials (fcm) and its migration to food<\/a><\/li><li><a href=\"https:\/\/www.foodchempack.com\/?post_type=articulos&#038;p=4720\">Development and characterization of inhaled ethanol as a novel pharmacological strategy currently evaluated in a phase ii clinical trial for early-stage sars-cov-2 infection<\/a><\/li><li><a href=\"https:\/\/www.foodchempack.com\/?post_type=articulos&#038;p=4714\">Multi-analyte method for the quantification of bisphenol related compounds in canned food samples and exposure assessment of the Spanish adult population<\/a><\/li><li><a href=\"https:\/\/www.foodchempack.com\/?post_type=articulos&#038;p=4717\">Green tea extract and nanocellulose embedded into polylactic acid film: Properties and efficiency on retarding the lipid oxidation of a model fatty food<\/a><\/li><li><a href=\"https:\/\/www.foodchempack.com\/?post_type=articulos&#038;p=4724\">Application of chromatographic analysis for detecting components from polymeric can coatings and further determination in beverage samples<\/a><\/li><li><a href=\"https:\/\/www.foodchempack.com\/?post_type=articulos&#038;p=4715\">Industrial fruits by-products and their antioxidant profile: Can they be exploited for industrial food applications?<\/a><\/li><li><a href=\"https:\/\/www.foodchempack.com\/?post_type=articulos&#038;p=4704\">Phenolic Profile of Fruit Industry Byproducts Determined by LC\u2013DAD\u2013MS\/MS<\/a><\/li><li><a href=\"https:\/\/www.foodchempack.com\/?post_type=articulos&#038;p=4709\">Dietary exposure estimation to chemicals transferred from milk and dairy products packaging materials in Spanish child and adolescent population<\/a><\/li><li><a href=\"https:\/\/www.foodchempack.com\/?post_type=articulos&#038;p=4708\">Estimation of dietary exposure to contaminants transferred from the packaging in fatty dry foods based on cereals<\/a><\/li><li><a href=\"https:\/\/www.foodchempack.com\/?post_type=articulos&#038;p=4705\">Industrial multi-fruits juices by-products: total antioxidant capacity and phenolics profile by LC\u2013MS\/MS to ascertain their reuse potential<\/a><\/li><li><a href=\"https:\/\/www.foodchempack.com\/?post_type=articulos&#038;p=4707\">HPLC with fluorescence detection for determination of bisphenol A in canned vegetables: Optimization, validation and application to samples from portuguese and Spanish markets<\/a><\/li><li><a href=\"https:\/\/www.foodchempack.com\/?post_type=articulos&#038;p=4683\">GC-MS screening for the identification of potential migrants present in polymeric coatings of food cans<\/a><\/li><li><a href=\"https:\/\/www.foodchempack.com\/?post_type=articulos&#038;p=4687\">Development and characterization of novel composite glycerol-plasticized films based on sodium caseinate and lipid fraction of tomato pomace by-product<\/a><\/li><li><a href=\"https:\/\/www.foodchempack.com\/?post_type=articulos&#038;p=4682\">Migration Studies of Two Common Components of UV-curing Inks into Food Simulants<\/a><\/li><li><a href=\"https:\/\/www.foodchempack.com\/?post_type=articulos&#038;p=4688\">Determination of xanthohumol in hops, food supplements and beers by HPLC<\/a><\/li><li><a href=\"https:\/\/www.foodchempack.com\/?post_type=articulos&#038;p=4696\">Bisphenol A in food as a result of its migration from food packaging [Review of Bisphenol A in food as a result of its migration from food packaging]<\/a><\/li><li><a href=\"https:\/\/www.foodchempack.com\/?post_type=articulos&#038;p=4680\">Non-target analysis of intentionally and non intentionally added substances from plastic packaging materials and their migration into food simulants<\/a><\/li><li><a href=\"https:\/\/www.foodchempack.com\/?post_type=articulos&#038;p=4684\">Estimates of dietary exposure of Spanish population to packaging contaminants from cereal based foods contained in plastic materials<\/a><\/li><li><a href=\"https:\/\/www.foodchempack.com\/?post_type=articulos&#038;p=4681\">Migration studies of butylated hydroxytoluene, tributyl acetylcitrate and dibutyl phthalate into food simulants<\/a><\/li><li><a href=\"https:\/\/www.foodchempack.com\/?post_type=articulos&#038;p=4674\">Determination of bisphenol S in food and drink take away packaging by LC-MS\/MS<\/a><\/li><li><a href=\"https:\/\/www.foodchempack.com\/?post_type=articulos&#038;p=4670\">Identification of intentionally and non-intentionally added substances in plastic packaging materials and their migration into food products<\/a><\/li><li><a href=\"https:\/\/www.foodchempack.com\/?post_type=articulos&#038;p=4675\">Analysis and quantitative estimation of phenolic antioxidants in polypropylene packaging for fat products<\/a><\/li><li><a href=\"https:\/\/www.foodchempack.com\/?post_type=articulos&#038;p=4671\">GC-MS screening analysis for the identification of potential migrants in plastic and paper-based candy wrappers<\/a><\/li><li><a href=\"https:\/\/www.foodchempack.com\/?post_type=articulos&#038;p=4672\">Evaluation of oxygen absorber system effectiveness in butter containers<\/a><\/li><li><a href=\"https:\/\/www.foodchempack.com\/?post_type=articulos&#038;p=4673\">Determination of diffusion and partition coefficients of model migrants by direct contact and vapour phase transfer from low-density polyethylene films into cake<\/a><\/li><li><a href=\"https:\/\/www.foodchempack.com\/?post_type=articulos&#038;p=4665\">Antimicrobial films based on chitosan and methylcellulose containing natamycin for active packaging applications<\/a><\/li><li><a href=\"https:\/\/www.foodchempack.com\/?post_type=articulos&#038;p=4661\">Aloe vera: Ancient knowledge with new frontiers [Review of Aloe vera: Ancient knowledge with new frontiers]<\/a><\/li><li><a href=\"https:\/\/www.foodchempack.com\/?post_type=articulos&#038;p=4650\">Preparation of antioxidant active films based on chitosan: diffusivity study of \u03b1-tocopherol into food simulants<\/a><\/li><li><a href=\"https:\/\/www.foodchempack.com\/?post_type=articulos&#038;p=4654\">Evaluation of the effectiveness of a paper containing nanoparticles of silver combined with moisture absorbers over quality of tuna snacks<\/a><\/li><li><a href=\"https:\/\/www.foodchempack.com\/?post_type=articulos&#038;p=4656\">Determination of Partition Coefficients of Selected Model Migrants between Polyethylene and Polypropylene and Nanocomposite Polypropylene<\/a><\/li><li><a href=\"https:\/\/www.foodchempack.com\/?post_type=articulos&#038;p=4649\">Study of melamine and formaldehyde migration from melamine tableware<\/a><\/li><li><a href=\"https:\/\/www.foodchempack.com\/?post_type=articulos&#038;p=4629\">Study of the migration of three model substances from low density polyethylene into food simulant and fruit juices<\/a><\/li><li><a href=\"https:\/\/www.foodchempack.com\/?post_type=articulos&#038;p=4655\">Determination of key diffusion and partition parameters and their use in migration modelling of benzophenone from low-density polyethylene (LDPE) into different foodstuffs<\/a><\/li><li><a href=\"https:\/\/www.foodchempack.com\/?post_type=articulos&#038;p=4653\">Migration kinetics of sorbic acid from polylactic acid and seaweed based films into food simulants<\/a><\/li><li><a href=\"https:\/\/www.foodchempack.com\/?post_type=articulos&#038;p=4641\">Effect of biodegradable film (lyophilised alga Fucus spiralis and sorbic acid) on quality properties of refrigerated megrim (Lepidorhombus whiffiagonis)<\/a><\/li><li><a href=\"https:\/\/www.foodchempack.com\/?post_type=articulos&#038;p=4631\">Photoinitiators: a food safety review<\/a><\/li><li><a href=\"https:\/\/www.foodchempack.com\/?post_type=articulos&#038;p=4646\">Analytical methods for determining photoinitiators in food-contact materials<\/a><\/li><li><a href=\"https:\/\/www.foodchempack.com\/?post_type=articulos&#038;p=4634\">Instability of an aromatic amine in fatty food and fatty food simulant: characterisation of reaction products and prediction of their toxicity<\/a><\/li><li><a href=\"https:\/\/www.foodchempack.com\/?post_type=articulos&#038;p=4613\">Simultaneous chromatographic analysis of photoinitiators and amine synergists in food contact materials<\/a><\/li><li><a href=\"https:\/\/www.foodchempack.com\/?post_type=articulos&#038;p=4615\">Preparation and Characterization of Antimicrobial Films Based on Chitosan for Active Food Packaging Applications<\/a><\/li><li><a href=\"https:\/\/www.foodchempack.com\/?post_type=articulos&#038;p=5413\">Rapid method to determine natamycin by HPLC-DAD in food samples for compliance with EU food legislation.<\/a><\/li><li><a href=\"https:\/\/www.foodchempack.com\/?post_type=articulos&#038;p=5412\">Ultra-high pressure LC for astaxanthin determination in shrimp by-products and active food packaging.<\/a><\/li><li><a href=\"https:\/\/www.foodchempack.com\/?post_type=articulos&#038;p=4537\">Polycarbonate baby bottles: Study of the release of Bisphenol A<\/a><\/li><li><a href=\"https:\/\/www.foodchempack.com\/?post_type=articulo&#038;p=8046\">The State of the Art and Innovations in Active and Edible Coatings and Films for Functional Food Applications<\/a><\/li><li><a href=\"https:\/\/www.foodchempack.com\/?post_type=articulo&#038;p=8044\">Recovering functional and bioactive compounds from date palm by-products and their application as multi-functional ingredients in food<\/a><\/li><li><a href=\"https:\/\/www.foodchempack.com\/?post_type=articulo&#038;p=8004\">Identification of volatile and semi-volatile components in food contact bioplastics based on GC\u2013MS non-targeted screening<\/a><\/li><li><a href=\"https:\/\/www.foodchempack.com\/?post_type=articulo&#038;p=7971\">Exploring the chemical composition of bamboo-based food contact materials using GC\u2013MS and LC-MS<\/a><\/li><li><a href=\"https:\/\/www.foodchempack.com\/?post_type=articulo&#038;p=7859\">Chemical safety and risk assessment of bio-based and\/or biodegradable polymers for food contact: A review<\/a><\/li><li><a href=\"https:\/\/www.foodchempack.com\/?post_type=articulo&#038;p=7713\">Citrus by-products: A dual assessment of antioxidant properties and food contaminants towards circular economy<\/a><\/li><li><a href=\"https:\/\/www.foodchempack.com\/?post_type=articulo&#038;p=7701\">Potential of fruit seeds: Exploring bioactives and ensuring food safety for sustainable management of food waste<\/a><\/li><li><a href=\"https:\/\/www.foodchempack.com\/?post_type=articulo&#038;p=8051\">Evaluating the chemical safety of bio-based and biodegradable food packaging materials through non-targeted LC-HRMS analysis and in vitro bioassays<\/a><\/li><li><a href=\"https:\/\/www.foodchempack.com\/?post_type=articulo&#038;p=8135\">Identification of Potential Migrants in Food Contact Materials Labeled as Bio-Based and\/or Biodegradable by GC-MS<\/a><\/li>\r\n<\/ul>\r\n\r\n\r\n\r\n\r\n\r\n\r\n<h4 class=\"titulopublicacion\">Projects<\/h4>\r\n<ul class=\"listapublicaciones\">\r\n\t<li><a href=\"https:\/\/www.foodchempack.com\/proyecto\/valorise-foods-and-improve-competitiveness-through-emerging-technologies-applied-to-food-by-products-within-thecircular-economy-framework-programacion-conjunta\/\">Valorise foods and Improve Competitiveness through Emerging Technologies applied to food by-products within thecircular economy framework &#8211; Programaci\u00f3n Conjunta Internacional (PCI)<\/a><\/li>\r\n<\/ul>\r\n\n","protected":false},"excerpt":{"rendered":"","protected":false},"author":2,"featured_media":0,"parent":6144,"menu_order":0,"comment_status":"closed","ping_status":"closed","template":"","meta":{"_eb_attr":""},"_links":{"self":[{"href":"https:\/\/www.foodchempack.com\/en\/wp-json\/wp\/v2\/pages\/7539"}],"collection":[{"href":"https:\/\/www.foodchempack.com\/en\/wp-json\/wp\/v2\/pages"}],"about":[{"href":"https:\/\/www.foodchempack.com\/en\/wp-json\/wp\/v2\/types\/page"}],"author":[{"embeddable":true,"href":"https:\/\/www.foodchempack.com\/en\/wp-json\/wp\/v2\/users\/2"}],"replies":[{"embeddable":true,"href":"https:\/\/www.foodchempack.com\/en\/wp-json\/wp\/v2\/comments?post=7539"}],"version-history":[{"count":0,"href":"https:\/\/www.foodchempack.com\/en\/wp-json\/wp\/v2\/pages\/7539\/revisions"}],"up":[{"embeddable":true,"href":"https:\/\/www.foodchempack.com\/en\/wp-json\/wp\/v2\/pages\/6144"}],"wp:attachment":[{"href":"https:\/\/www.foodchempack.com\/en\/wp-json\/wp\/v2\/media?parent=7539"}],"curies":[{"name":"wp","href":"https:\/\/api.w.org\/{rel}","templated":true}]}}